{"id":549,"date":"2025-11-13T18:31:06","date_gmt":"2025-11-13T17:31:06","guid":{"rendered":"https:\/\/www.albavyvijacepary.sk\/wytwornice-pary-alba\/"},"modified":"2025-12-06T09:35:21","modified_gmt":"2025-12-06T08:35:21","slug":"wytwornice-pary-alba","status":"publish","type":"page","link":"https:\/\/www.albavyvijacepary.sk\/pl\/wytwornice-pary-alba\/","title":{"rendered":"Wytwornice pary ALBA"},"content":{"rendered":"[vc_row type=&#8221;full_width_content&#8221; full_screen_row_position=&#8221;middle&#8221; column_margin=&#8221;default&#8221; column_direction=&#8221;default&#8221; column_direction_tablet=&#8221;default&#8221; column_direction_phone=&#8221;default&#8221; scene_position=&#8221;center&#8221; text_color=&#8221;dark&#8221; text_align=&#8221;left&#8221; row_border_radius=&#8221;none&#8221; row_border_radius_applies=&#8221;bg&#8221; overflow=&#8221;visible&#8221; overlay_strength=&#8221;0.3&#8243; gradient_direction=&#8221;left_to_right&#8221; shape_divider_position=&#8221;bottom&#8221; bg_image_animation=&#8221;none&#8221; gradient_type=&#8221;default&#8221; shape_type=&#8221;&#8221;][vc_column column_padding=&#8221;no-extra-padding&#8221; column_padding_tablet=&#8221;inherit&#8221; column_padding_phone=&#8221;inherit&#8221; column_padding_position=&#8221;all&#8221; column_element_direction_desktop=&#8221;default&#8221; column_element_spacing=&#8221;default&#8221; desktop_text_alignment=&#8221;default&#8221; tablet_text_alignment=&#8221;default&#8221; phone_text_alignment=&#8221;default&#8221; background_color_opacity=&#8221;1&#8243; background_hover_color_opacity=&#8221;1&#8243; column_backdrop_filter=&#8221;none&#8221; column_shadow=&#8221;none&#8221; column_border_radius=&#8221;none&#8221; column_link_target=&#8221;_self&#8221; column_position=&#8221;default&#8221; gradient_direction=&#8221;left_to_right&#8221; overlay_strength=&#8221;0.3&#8243; width=&#8221;1\/1&#8243; tablet_width_inherit=&#8221;default&#8221; animation_type=&#8221;default&#8221; bg_image_animation=&#8221;none&#8221; border_type=&#8221;simple&#8221; column_border_width=&#8221;none&#8221; column_border_style=&#8221;solid&#8221; column_padding_type=&#8221;default&#8221; gradient_type=&#8221;default&#8221; offset=&#8221;vc_hidden-lg vc_hidden-md&#8221;]<div  data-transition=\"slide\" data-overall_style=\"classic\" data-flexible-height=\"\" data-animate-in-effect=\"none\" data-fullscreen=\"false\" data-button-sizing=\"regular\" data-button-styling=\"btn_with_count\" data-autorotate=\"5000\" data-parallax=\"false\" data-parallax-disable-mobile=\"\" data-caption-trans=\"fade_in_from_bottom\" data-parallax-style=\"bg_only\" data-bg-animation=\"none\" data-full-width=\"false\" class=\"nectar-slider-wrap \" id=\"nectar-slider-instance-1\"><div class=\"swiper-container\"  data-tho=\"auto\" data-tco=\"auto\" data-pho=\"auto\" data-pco=\"auto\" data-loop=\"false\" data-height=\"300\" data-min-height=\"\" data-arrows=\"false\" data-bullets=\"true\" data-bullet_style=\"see_through\" data-bullet_position=\"right\" data-desktop-swipe=\"true\" data-settings=\"\"> <div class=\"swiper-wrapper\"><div class=\"swiper-slide\" data-desktop-content-width=\"\" data-tablet-content-width=\"\" data-bg-alignment=\"center\" data-color-scheme=\"light\" data-x-pos=\"center\" data-y-pos=\"middle\" ><div class=\"slide-bg-wrap\"><div class=\"image-bg\" style=\"background-image: url(https:\/\/www.albavyvijacepary.sk\/wp-content\/uploads\/2025\/11\/slide3.webp);\"> &nbsp; <\/div><\/div><div class=\"video-texture \"> <span class=\"ie-fix\"><\/span> <\/div><\/div> <!--\/swiper-slide--><div class=\"swiper-slide\" data-desktop-content-width=\"\" data-tablet-content-width=\"\" data-bg-alignment=\"center\" data-color-scheme=\"light\" data-x-pos=\"center\" data-y-pos=\"middle\" ><div class=\"slide-bg-wrap\"><div class=\"image-bg\" style=\"background-image: url(https:\/\/www.albavyvijacepary.sk\/wp-content\/uploads\/2025\/11\/slide2.webp);\"> &nbsp; <\/div><\/div><div class=\"video-texture \"> <span class=\"ie-fix\"><\/span> <\/div><\/div> <!--\/swiper-slide--><div class=\"swiper-slide\" data-desktop-content-width=\"\" data-tablet-content-width=\"\" data-bg-alignment=\"center\" data-color-scheme=\"light\" data-x-pos=\"center\" data-y-pos=\"middle\" ><div class=\"slide-bg-wrap\"><div class=\"image-bg\" style=\"background-image: url(https:\/\/www.albavyvijacepary.sk\/wp-content\/uploads\/2025\/11\/slide1.webp);\"> &nbsp; <\/div><\/div><div class=\"video-texture \"> <span class=\"ie-fix\"><\/span> <\/div><\/div> <!--\/swiper-slide--><\/div><div class=\"container normal-container slider-pagination-wrap\"><div class=\"slider-pagination\"><\/div><\/div><div class=\"nectar-slider-loading \"> <span class=\"loading-icon none\">   <\/span> <\/div> <\/div> \n\t\t\t\t\t\n\t\t\t\t\t<\/div>[\/vc_column][vc_column column_padding=&#8221;no-extra-padding&#8221; column_padding_tablet=&#8221;inherit&#8221; column_padding_phone=&#8221;inherit&#8221; column_padding_position=&#8221;all&#8221; column_element_direction_desktop=&#8221;default&#8221; column_element_spacing=&#8221;default&#8221; desktop_text_alignment=&#8221;default&#8221; tablet_text_alignment=&#8221;default&#8221; phone_text_alignment=&#8221;default&#8221; background_color_opacity=&#8221;1&#8243; background_hover_color_opacity=&#8221;1&#8243; column_backdrop_filter=&#8221;none&#8221; column_shadow=&#8221;none&#8221; column_border_radius=&#8221;none&#8221; column_link_target=&#8221;_self&#8221; column_position=&#8221;default&#8221; gradient_direction=&#8221;left_to_right&#8221; overlay_strength=&#8221;0.3&#8243; width=&#8221;1\/1&#8243; tablet_width_inherit=&#8221;default&#8221; animation_type=&#8221;default&#8221; bg_image_animation=&#8221;none&#8221; border_type=&#8221;simple&#8221; column_border_width=&#8221;none&#8221; column_border_style=&#8221;solid&#8221; column_padding_type=&#8221;default&#8221; gradient_type=&#8221;default&#8221; offset=&#8221;vc_hidden-sm vc_hidden-xs&#8221;]<div  data-transition=\"slide\" data-overall_style=\"classic\" data-flexible-height=\"\" data-animate-in-effect=\"none\" data-fullscreen=\"false\" data-button-sizing=\"regular\" data-button-styling=\"btn_with_count\" data-autorotate=\"5000\" data-parallax=\"false\" data-parallax-disable-mobile=\"\" data-caption-trans=\"fade_in_from_bottom\" data-parallax-style=\"bg_only\" data-bg-animation=\"none\" data-full-width=\"false\" class=\"nectar-slider-wrap \" id=\"nectar-slider-instance-2\"><div class=\"swiper-container\"  data-tho=\"auto\" data-tco=\"auto\" data-pho=\"auto\" data-pco=\"auto\" data-loop=\"false\" data-height=\"500\" data-min-height=\"\" data-arrows=\"false\" data-bullets=\"true\" data-bullet_style=\"see_through\" data-bullet_position=\"left\" data-desktop-swipe=\"true\" data-settings=\"\"> <div class=\"swiper-wrapper\"><div class=\"swiper-slide\" data-desktop-content-width=\"\" data-tablet-content-width=\"\" data-bg-alignment=\"center\" data-color-scheme=\"light\" data-x-pos=\"center\" data-y-pos=\"middle\" ><div class=\"slide-bg-wrap\"><div class=\"image-bg\" style=\"background-image: url(https:\/\/www.albavyvijacepary.sk\/wp-content\/uploads\/2025\/11\/slide3.webp);\"> &nbsp; <\/div><\/div><div class=\"video-texture \"> <span class=\"ie-fix\"><\/span> <\/div><\/div> <!--\/swiper-slide--><div class=\"swiper-slide\" data-desktop-content-width=\"\" data-tablet-content-width=\"\" data-bg-alignment=\"center\" data-color-scheme=\"light\" data-x-pos=\"center\" data-y-pos=\"middle\" ><div class=\"slide-bg-wrap\"><div class=\"image-bg\" style=\"background-image: url(https:\/\/www.albavyvijacepary.sk\/wp-content\/uploads\/2025\/11\/slide2.webp);\"> &nbsp; <\/div><\/div><div class=\"video-texture \"> <span class=\"ie-fix\"><\/span> <\/div><\/div> <!--\/swiper-slide--><div class=\"swiper-slide\" data-desktop-content-width=\"\" data-tablet-content-width=\"\" data-bg-alignment=\"center\" data-color-scheme=\"light\" data-x-pos=\"center\" data-y-pos=\"middle\" ><div class=\"slide-bg-wrap\"><div class=\"image-bg\" style=\"background-image: url(https:\/\/www.albavyvijacepary.sk\/wp-content\/uploads\/2025\/11\/slide1.webp);\"> &nbsp; <\/div><\/div><div class=\"video-texture \"> <span class=\"ie-fix\"><\/span> <\/div><\/div> <!--\/swiper-slide--><\/div><div class=\"container normal-container slider-pagination-wrap\"><div class=\"slider-pagination\"><\/div><\/div><div class=\"nectar-slider-loading \"> <span class=\"loading-icon none\">   <\/span> <\/div> <\/div> \n\t\t\t\t\t\n\t\t\t\t\t<\/div>[\/vc_column][\/vc_row][vc_row type=&#8221;full_width_background&#8221; full_screen_row_position=&#8221;middle&#8221; column_margin=&#8221;default&#8221; column_direction=&#8221;default&#8221; column_direction_tablet=&#8221;default&#8221; column_direction_phone=&#8221;default&#8221; scene_position=&#8221;center&#8221; top_padding=&#8221;7%&#8221; bottom_padding=&#8221;7%&#8221; top_padding_tablet=&#8221;10%&#8221; bottom_padding_tablet=&#8221;10%&#8221; top_padding_phone=&#8221;10vh&#8221; bottom_padding_phone=&#8221;10vh&#8221; text_color=&#8221;dark&#8221; text_align=&#8221;left&#8221; row_border_radius=&#8221;none&#8221; row_border_radius_applies=&#8221;bg&#8221; overflow=&#8221;visible&#8221; overlay_strength=&#8221;0.3&#8243; gradient_direction=&#8221;left_to_right&#8221; shape_divider_position=&#8221;bottom&#8221; bg_image_animation=&#8221;none&#8221; gradient_type=&#8221;default&#8221; shape_type=&#8221;&#8221;][vc_column column_padding=&#8221;no-extra-padding&#8221; column_padding_tablet=&#8221;inherit&#8221; column_padding_phone=&#8221;inherit&#8221; column_padding_position=&#8221;all&#8221; column_element_direction_desktop=&#8221;default&#8221; column_element_spacing=&#8221;default&#8221; desktop_text_alignment=&#8221;default&#8221; tablet_text_alignment=&#8221;default&#8221; phone_text_alignment=&#8221;default&#8221; background_color_opacity=&#8221;1&#8243; background_hover_color_opacity=&#8221;1&#8243; column_backdrop_filter=&#8221;none&#8221; column_shadow=&#8221;none&#8221; column_border_radius=&#8221;none&#8221; column_link_target=&#8221;_self&#8221; column_position=&#8221;default&#8221; gradient_direction=&#8221;left_to_right&#8221; overlay_strength=&#8221;0.3&#8243; width=&#8221;1\/1&#8243; tablet_width_inherit=&#8221;default&#8221; animation_type=&#8221;default&#8221; bg_image_animation=&#8221;none&#8221; border_type=&#8221;simple&#8221; column_border_width=&#8221;none&#8221; column_border_style=&#8221;solid&#8221;][split_line_heading animation_type=&#8221;line-reveal-by-space&#8221; font_style=&#8221;h1&#8243; text_color=&#8221;#FE0000&#8243; line_reveal_by_space_text_effect=&#8221;none&#8221; content_alignment=&#8221;default&#8221; mobile_content_alignment=&#8221;inherit&#8221; link_target=&#8221;_self&#8221; text_content=&#8221;Wytwornice pary ALBA&#8221; font_line_height=&#8221;1.3&#8243; text_direction=&#8221;default&#8221; font_size=&#8221;40px&#8221; font_size_phone=&#8221;30px&#8221;][\/split_line_heading]<div class=\"nectar-fancy-ul\" data-list-icon=\"icon-salient-check\" data-animation=\"false\" data-animation-delay=\"0\" data-color=\"accent-color\" data-spacing=\"10px\" data-alignment=\"left\"> \n<ul>\n<li>Praktycznie natychmiastowa produkcja pary (w ci\u0105gu 3 minut od uruchomienia kot\u0142a)<\/li>\n<li>ma\u0142a powierzchnia zabudowy, nie wymaga specjalnego betonowego fundamentu<\/li>\n<li>w\u0142asny palnik firmy ALBA umo\u017cliwia optymalne wykorzystanie ciep\u0142a, a tym samym ni\u017csze zu\u017cycie gazu lub oleju<\/li>\n<li>zasysanie powietrza przez g\u00f3rn\u0105 cz\u0119\u015b\u0107 kot\u0142a parowego ALBA (ciep\u0142e powietrze z pomieszczenia jest zasysane od g\u00f3ry, co eliminuje zasysanie zanieczyszcze\u0144 z pod\u0142ogi)<\/li>\n<li>absolutnie bezpieczna eksploatacja, kocio\u0142 parowy ALBA mo\u017ce by\u0107 umieszczony w dowolnym miejscu, bez konieczno\u015bci posiadania w\u0142asnej kot\u0142owni<\/li>\n<li>niska warto\u015b\u0107 emisji osi\u0105gni\u0119ta dzi\u0119ki wbudowanej recyrkulacji spalin prowadzi do redukcji zawarto\u015bci tlenk\u00f3w azotu (NO2) (opcja do wyboru przez kupuj\u0105cego)<\/li>\n<li>dostarczane stacje uzdatniania wody s\u0105 precyzyjnie zwymiarowane, chroni\u0105 w\u0119\u017cownic\u0119 grzewcz\u0105 i gwarantuj\u0105 maksymaln\u0105 \u017cywotno\u015b\u0107 kot\u0142a parowego ALBA<\/li>\n<li>wszystkie niezb\u0119dne pozwolenia, serwis i magazyn cz\u0119\u015bci zamiennych dla Czech i S\u0142owacji s\u0105 zapewnione<br \/>\nSpecjalna kompaktowa konstrukcja, kt\u00f3ra zajmuje mniej miejsca na pod\u0142odze. BEZ RYZYKA WYBUCHU. <\/li>\n<li>Generator mo\u017ce by\u0107 umieszczony w zat\u0142oczonych budynkach i \u015brodowiskach, poniewa\u017c jest to system w 100% bezpieczny.<\/li>\n<li>Maksymalna wydajno\u015b\u0107 z europejskimi palnikami. (90-92% wydajno\u015bci) <\/li>\n<li>Europejskie palniki systemu Packet umo\u017cliwiaj\u0105 maksymalny przyrost energii z gazu i oleju nap\u0119dowego wraz z \u0142atw\u0105 konserwacj\u0105.<\/li>\n<li>Specjalny system Economizer podgrzewa wod\u0119 o 18-20\u00b0C przed jej wej\u015bciem do generatora, co oszcz\u0119dza paliwo i energi\u0119.<\/li>\n<li>Czysty i bezpieczny system odprowadzania spalin, kt\u00f3ry umo\u017cliwia u\u017cycie generatora w ka\u017cdym rodzaju budynku.<\/li>\n<li>Specjalny system cewek umo\u017cliwia maksymaln\u0105 wydajno\u015b\u0107 dzi\u0119ki zastosowaniu wi\u0119cej ni\u017c jednego systemu zwoj\u00f3w.<\/li>\n<li>Cyfrowy wska\u017anik awarii umo\u017cliwia szybk\u0105 i \u0142atw\u0105 konserwacj\u0119 oraz oszcz\u0119dza czas przy lokalizowaniu jakichkolwiek usterek.<\/li>\n<li>Wszystkie dane s\u0105 wy\u015bwietlane elektronicznie, a system ma zintegrowan\u0105 w\u0142asn\u0105 ochron\u0119 dla elektroniki i bezpiecze\u0144stwa.<\/li>\n<li>Wszystkie urz\u0105dzenia ci\u015bnieniowe, steruj\u0105ce i zabezpieczaj\u0105ce s\u0105 wst\u0119pnie zainstalowane.<\/li>\n<li>Para jest gotowa w ci\u0105gu 3 minut od uruchomienia systemu, co oszcz\u0119dza 156 godzin czasu pracy i paliwa w ci\u0105gu jednego roku<\/li>\n<\/ul>\n <\/div>[\/vc_column][\/vc_row]\n","protected":false},"excerpt":{"rendered":"<p>[vc_row type=&#8221;full_width_content&#8221; full_screen_row_position=&#8221;middle&#8221; column_margin=&#8221;default&#8221; column_direction=&#8221;default&#8221; column_direction_tablet=&#8221;default&#8221; column_direction_phone=&#8221;default&#8221; scene_position=&#8221;center&#8221; text_color=&#8221;dark&#8221; text_align=&#8221;left&#8221; row_border_radius=&#8221;none&#8221; row_border_radius_applies=&#8221;bg&#8221; overflow=&#8221;visible&#8221; overlay_strength=&#8221;0.3&#8243; gradient_direction=&#8221;left_to_right&#8221; shape_divider_position=&#8221;bottom&#8221; bg_image_animation=&#8221;none&#8221; gradient_type=&#8221;default&#8221; shape_type=&#8221;&#8221;][vc_column column_padding=&#8221;no-extra-padding&#8221; column_padding_tablet=&#8221;inherit&#8221; column_padding_phone=&#8221;inherit&#8221; column_padding_position=&#8221;all&#8221; column_element_direction_desktop=&#8221;default&#8221; column_element_spacing=&#8221;default&#8221; desktop_text_alignment=&#8221;default&#8221; tablet_text_alignment=&#8221;default&#8221; phone_text_alignment=&#8221;default&#8221; background_color_opacity=&#8221;1&#8243; background_hover_color_opacity=&#8221;1&#8243;&#8230;<\/p>\n","protected":false},"author":1,"featured_media":0,"parent":0,"menu_order":0,"comment_status":"closed","ping_status":"closed","template":"","meta":{"footnotes":""},"class_list":["post-549","page","type-page","status-publish"],"_links":{"self":[{"href":"https:\/\/www.albavyvijacepary.sk\/pl\/wp-json\/wp\/v2\/pages\/549","targetHints":{"allow":["GET"]}}],"collection":[{"href":"https:\/\/www.albavyvijacepary.sk\/pl\/wp-json\/wp\/v2\/pages"}],"about":[{"href":"https:\/\/www.albavyvijacepary.sk\/pl\/wp-json\/wp\/v2\/types\/page"}],"author":[{"embeddable":true,"href":"https:\/\/www.albavyvijacepary.sk\/pl\/wp-json\/wp\/v2\/users\/1"}],"replies":[{"embeddable":true,"href":"https:\/\/www.albavyvijacepary.sk\/pl\/wp-json\/wp\/v2\/comments?post=549"}],"version-history":[{"count":2,"href":"https:\/\/www.albavyvijacepary.sk\/pl\/wp-json\/wp\/v2\/pages\/549\/revisions"}],"predecessor-version":[{"id":551,"href":"https:\/\/www.albavyvijacepary.sk\/pl\/wp-json\/wp\/v2\/pages\/549\/revisions\/551"}],"wp:attachment":[{"href":"https:\/\/www.albavyvijacepary.sk\/pl\/wp-json\/wp\/v2\/media?parent=549"}],"curies":[{"name":"wp","href":"https:\/\/api.w.org\/{rel}","templated":true}]}}