{"id":530,"date":"2025-11-13T18:31:06","date_gmt":"2025-11-13T17:31:06","guid":{"rendered":"https:\/\/www.albavyvijacepary.sk\/vyvijece-alba\/"},"modified":"2025-12-06T09:35:11","modified_gmt":"2025-12-06T08:35:11","slug":"vyvijece-alba","status":"publish","type":"page","link":"https:\/\/www.albavyvijacepary.sk\/cs\/vyvijece-alba\/","title":{"rendered":"Vyv\u00edje\u010de ALBA"},"content":{"rendered":"[vc_row type=&#8220;full_width_content&#8220; full_screen_row_position=&#8220;middle&#8220; column_margin=&#8220;default&#8220; column_direction=&#8220;default&#8220; column_direction_tablet=&#8220;default&#8220; column_direction_phone=&#8220;default&#8220; scene_position=&#8220;center&#8220; text_color=&#8220;dark&#8220; text_align=&#8220;left&#8220; row_border_radius=&#8220;none&#8220; row_border_radius_applies=&#8220;bg&#8220; overflow=&#8220;visible&#8220; overlay_strength=&#8220;0.3&#8243; gradient_direction=&#8220;left_to_right&#8220; shape_divider_position=&#8220;bottom&#8220; bg_image_animation=&#8220;none&#8220; gradient_type=&#8220;default&#8220; shape_type=&#8220;&#8220;][vc_column column_padding=&#8220;no-extra-padding&#8220; column_padding_tablet=&#8220;inherit&#8220; column_padding_phone=&#8220;inherit&#8220; column_padding_position=&#8220;all&#8220; column_element_direction_desktop=&#8220;default&#8220; column_element_spacing=&#8220;default&#8220; desktop_text_alignment=&#8220;default&#8220; tablet_text_alignment=&#8220;default&#8220; phone_text_alignment=&#8220;default&#8220; background_color_opacity=&#8220;1&#8243; background_hover_color_opacity=&#8220;1&#8243; column_backdrop_filter=&#8220;none&#8220; column_shadow=&#8220;none&#8220; column_border_radius=&#8220;none&#8220; column_link_target=&#8220;_self&#8220; column_position=&#8220;default&#8220; gradient_direction=&#8220;left_to_right&#8220; overlay_strength=&#8220;0.3&#8243; width=&#8220;1\/1&#8243; tablet_width_inherit=&#8220;default&#8220; animation_type=&#8220;default&#8220; bg_image_animation=&#8220;none&#8220; border_type=&#8220;simple&#8220; column_border_width=&#8220;none&#8220; column_border_style=&#8220;solid&#8220; column_padding_type=&#8220;default&#8220; gradient_type=&#8220;default&#8220; offset=&#8220;vc_hidden-lg vc_hidden-md&#8220;]<div  data-transition=\"slide\" data-overall_style=\"classic\" data-flexible-height=\"\" data-animate-in-effect=\"none\" data-fullscreen=\"false\" data-button-sizing=\"regular\" data-button-styling=\"btn_with_count\" data-autorotate=\"5000\" data-parallax=\"false\" data-parallax-disable-mobile=\"\" data-caption-trans=\"fade_in_from_bottom\" data-parallax-style=\"bg_only\" data-bg-animation=\"none\" data-full-width=\"false\" class=\"nectar-slider-wrap \" id=\"nectar-slider-instance-1\"><div class=\"swiper-container\"  data-tho=\"auto\" data-tco=\"auto\" data-pho=\"auto\" data-pco=\"auto\" data-loop=\"false\" data-height=\"300\" data-min-height=\"\" data-arrows=\"false\" data-bullets=\"true\" data-bullet_style=\"see_through\" data-bullet_position=\"right\" data-desktop-swipe=\"true\" data-settings=\"\"> <div class=\"swiper-wrapper\"><div class=\"swiper-slide\" data-desktop-content-width=\"\" data-tablet-content-width=\"\" data-bg-alignment=\"center\" data-color-scheme=\"light\" data-x-pos=\"center\" data-y-pos=\"middle\" ><div class=\"slide-bg-wrap\"><div class=\"image-bg\" style=\"background-image: url(https:\/\/www.albavyvijacepary.sk\/wp-content\/uploads\/2025\/11\/slide2.webp);\"> &nbsp; <\/div><\/div><div class=\"video-texture \"> <span class=\"ie-fix\"><\/span> <\/div><\/div> <!--\/swiper-slide--><div class=\"swiper-slide\" data-desktop-content-width=\"\" data-tablet-content-width=\"\" data-bg-alignment=\"center\" data-color-scheme=\"light\" data-x-pos=\"center\" data-y-pos=\"middle\" ><div class=\"slide-bg-wrap\"><div class=\"image-bg\" style=\"background-image: url(https:\/\/www.albavyvijacepary.sk\/wp-content\/uploads\/2025\/11\/slide1.webp);\"> &nbsp; <\/div><\/div><div class=\"video-texture \"> <span class=\"ie-fix\"><\/span> <\/div><\/div> <!--\/swiper-slide--><div class=\"swiper-slide\" data-desktop-content-width=\"\" data-tablet-content-width=\"\" data-bg-alignment=\"center\" data-color-scheme=\"light\" data-x-pos=\"center\" data-y-pos=\"middle\" ><div class=\"slide-bg-wrap\"><div class=\"image-bg\" style=\"background-image: url(https:\/\/www.albavyvijacepary.sk\/wp-content\/uploads\/2025\/11\/slide3.webp);\"> &nbsp; <\/div><\/div><div class=\"video-texture \"> <span class=\"ie-fix\"><\/span> <\/div><\/div> <!--\/swiper-slide--><\/div><div class=\"container normal-container slider-pagination-wrap\"><div class=\"slider-pagination\"><\/div><\/div><div class=\"nectar-slider-loading \"> <span class=\"loading-icon none\">   <\/span> <\/div> <\/div> \n\t\t\t\t\t\n\t\t\t\t\t<\/div>[\/vc_column][vc_column column_padding=&#8220;no-extra-padding&#8220; column_padding_tablet=&#8220;inherit&#8220; column_padding_phone=&#8220;inherit&#8220; column_padding_position=&#8220;all&#8220; column_element_direction_desktop=&#8220;default&#8220; column_element_spacing=&#8220;default&#8220; desktop_text_alignment=&#8220;default&#8220; tablet_text_alignment=&#8220;default&#8220; phone_text_alignment=&#8220;default&#8220; background_color_opacity=&#8220;1&#8243; background_hover_color_opacity=&#8220;1&#8243; column_backdrop_filter=&#8220;none&#8220; column_shadow=&#8220;none&#8220; column_border_radius=&#8220;none&#8220; column_link_target=&#8220;_self&#8220; column_position=&#8220;default&#8220; gradient_direction=&#8220;left_to_right&#8220; overlay_strength=&#8220;0.3&#8243; width=&#8220;1\/1&#8243; tablet_width_inherit=&#8220;default&#8220; animation_type=&#8220;default&#8220; bg_image_animation=&#8220;none&#8220; border_type=&#8220;simple&#8220; column_border_width=&#8220;none&#8220; column_border_style=&#8220;solid&#8220; column_padding_type=&#8220;default&#8220; gradient_type=&#8220;default&#8220; offset=&#8220;vc_hidden-sm vc_hidden-xs&#8220;]<div  data-transition=\"slide\" data-overall_style=\"classic\" data-flexible-height=\"\" data-animate-in-effect=\"none\" data-fullscreen=\"false\" data-button-sizing=\"regular\" data-button-styling=\"btn_with_count\" data-autorotate=\"5000\" data-parallax=\"false\" data-parallax-disable-mobile=\"\" data-caption-trans=\"fade_in_from_bottom\" data-parallax-style=\"bg_only\" data-bg-animation=\"none\" data-full-width=\"false\" class=\"nectar-slider-wrap \" id=\"nectar-slider-instance-2\"><div class=\"swiper-container\"  data-tho=\"auto\" data-tco=\"auto\" data-pho=\"auto\" data-pco=\"auto\" data-loop=\"false\" data-height=\"500\" data-min-height=\"\" data-arrows=\"false\" data-bullets=\"true\" data-bullet_style=\"see_through\" data-bullet_position=\"left\" data-desktop-swipe=\"true\" data-settings=\"\"> <div class=\"swiper-wrapper\"><div class=\"swiper-slide\" data-desktop-content-width=\"\" data-tablet-content-width=\"\" data-bg-alignment=\"center\" data-color-scheme=\"light\" data-x-pos=\"center\" data-y-pos=\"middle\" ><div class=\"slide-bg-wrap\"><div class=\"image-bg\" style=\"background-image: url(https:\/\/www.albavyvijacepary.sk\/wp-content\/uploads\/2025\/11\/slide2.webp);\"> &nbsp; <\/div><\/div><div class=\"video-texture \"> <span class=\"ie-fix\"><\/span> <\/div><\/div> <!--\/swiper-slide--><div class=\"swiper-slide\" data-desktop-content-width=\"\" data-tablet-content-width=\"\" data-bg-alignment=\"center\" data-color-scheme=\"light\" data-x-pos=\"center\" data-y-pos=\"middle\" ><div class=\"slide-bg-wrap\"><div class=\"image-bg\" style=\"background-image: url(https:\/\/www.albavyvijacepary.sk\/wp-content\/uploads\/2025\/11\/slide1.webp);\"> &nbsp; <\/div><\/div><div class=\"video-texture \"> <span class=\"ie-fix\"><\/span> <\/div><\/div> <!--\/swiper-slide--><div class=\"swiper-slide\" data-desktop-content-width=\"\" data-tablet-content-width=\"\" data-bg-alignment=\"center\" data-color-scheme=\"light\" data-x-pos=\"center\" data-y-pos=\"middle\" ><div class=\"slide-bg-wrap\"><div class=\"image-bg\" style=\"background-image: url(https:\/\/www.albavyvijacepary.sk\/wp-content\/uploads\/2025\/11\/slide3.webp);\"> &nbsp; <\/div><\/div><div class=\"video-texture \"> <span class=\"ie-fix\"><\/span> <\/div><\/div> <!--\/swiper-slide--><\/div><div class=\"container normal-container slider-pagination-wrap\"><div class=\"slider-pagination\"><\/div><\/div><div class=\"nectar-slider-loading \"> <span class=\"loading-icon none\">   <\/span> <\/div> <\/div> \n\t\t\t\t\t\n\t\t\t\t\t<\/div>[\/vc_column][\/vc_row][vc_row type=&#8220;full_width_background&#8220; full_screen_row_position=&#8220;middle&#8220; column_margin=&#8220;default&#8220; column_direction=&#8220;default&#8220; column_direction_tablet=&#8220;default&#8220; column_direction_phone=&#8220;default&#8220; scene_position=&#8220;center&#8220; top_padding=&#8220;7%&#8220; bottom_padding=&#8220;7%&#8220; top_padding_tablet=&#8220;10%&#8220; bottom_padding_tablet=&#8220;10%&#8220; top_padding_phone=&#8220;10vh&#8220; bottom_padding_phone=&#8220;10vh&#8220; text_color=&#8220;dark&#8220; text_align=&#8220;left&#8220; row_border_radius=&#8220;none&#8220; row_border_radius_applies=&#8220;bg&#8220; overflow=&#8220;visible&#8220; overlay_strength=&#8220;0.3&#8243; gradient_direction=&#8220;left_to_right&#8220; shape_divider_position=&#8220;bottom&#8220; bg_image_animation=&#8220;none&#8220; gradient_type=&#8220;default&#8220; shape_type=&#8220;&#8220;][vc_column column_padding=&#8220;no-extra-padding&#8220; column_padding_tablet=&#8220;inherit&#8220; column_padding_phone=&#8220;inherit&#8220; column_padding_position=&#8220;all&#8220; column_element_direction_desktop=&#8220;default&#8220; column_element_spacing=&#8220;default&#8220; desktop_text_alignment=&#8220;default&#8220; tablet_text_alignment=&#8220;default&#8220; phone_text_alignment=&#8220;default&#8220; background_color_opacity=&#8220;1&#8243; background_hover_color_opacity=&#8220;1&#8243; column_backdrop_filter=&#8220;none&#8220; column_shadow=&#8220;none&#8220; column_border_radius=&#8220;none&#8220; column_link_target=&#8220;_self&#8220; column_position=&#8220;default&#8220; gradient_direction=&#8220;left_to_right&#8220; overlay_strength=&#8220;0.3&#8243; width=&#8220;1\/1&#8243; tablet_width_inherit=&#8220;default&#8220; animation_type=&#8220;default&#8220; bg_image_animation=&#8220;none&#8220; border_type=&#8220;simple&#8220; column_border_width=&#8220;none&#8220; column_border_style=&#8220;solid&#8220;][split_line_heading animation_type=&#8220;line-reveal-by-space&#8220; font_style=&#8220;h1&#8243; text_color=&#8220;#FE0000&#8243; line_reveal_by_space_text_effect=&#8220;none&#8220; content_alignment=&#8220;default&#8220; mobile_content_alignment=&#8220;inherit&#8220; link_target=&#8220;_self&#8220; text_content=&#8220;Vyv\u00edje\u010de ALBA&#8220; font_line_height=&#8220;1.3&#8243; text_direction=&#8220;default&#8220; font_size=&#8220;40px&#8220; font_size_phone=&#8220;30px&#8220;][\/split_line_heading]<div class=\"nectar-fancy-ul\" data-list-icon=\"icon-salient-check\" data-animation=\"false\" data-animation-delay=\"0\" data-color=\"accent-color\" data-spacing=\"10px\" data-alignment=\"left\"> \n<ul>\n<li>Prakticky okam\u017eit\u00e1 v\u00fdroba p\u00e1ry (b\u011bhem 3 minut od uveden\u00ed kotle do provozu)<\/li>\n<li>mal\u00e1 zastav\u011bn\u00e1 plocha, nevy\u017eaduje se speci\u00e1ln\u00ed betonov\u00fd z\u00e1klad<\/li>\n<li>vlastn\u00ed ho\u0159\u00e1k firmy ALBA umo\u017e\u0148uje optim\u00e1ln\u00ed vyu\u017eit\u00ed tepla, a t\u00edm i ni\u017e\u0161\u00ed spot\u0159ebu plynu nebo oleje<\/li>\n<li>nas\u00e1v\u00e1n\u00ed vzduchu horn\u00ed \u010d\u00e1st\u00ed parn\u00edho kotle ALBA (tepl\u00fd vzduch z m\u00edstnosti se nas\u00e1v\u00e1 shora, \u010d\u00edm\u017e se vylu\u010duje nas\u00e1v\u00e1n\u00ed ne\u010distot z podlahy)<\/li>\n<li>absolutn\u011b bezpe\u010dn\u00fd provoz, parn\u00ed kotel ALBA lze um\u00edstit kdekoli, bez n\u00e1roku na vlastn\u00ed kotelnu<\/li>\n<li>n\u00edzk\u00e1 hodnota emis\u00ed dosa\u017een\u00e1 zabudovanou recirkulac\u00ed spalin vede k redukci obsahu oxid\u016f dus\u00edku (NO2) (mo\u017enost volby kupuj\u00edc\u00edm)<\/li>\n<li>dod\u00e1van\u00e9 \u00fapravny vody jsou p\u0159esn\u011b dimenzov\u00e1ny, \u0161et\u0159\u00ed topn\u00fd had a zaru\u010duj\u00ed maxim\u00e1ln\u00ed \u017eivotnost parn\u00edho kotle ALBA<\/li>\n<li>v\u0161echna pot\u0159ebn\u00e1 povolen\u00ed, servis a sklad n\u00e1hradn\u00edch d\u00edl\u016f pro \u010cR a SR jsou zaji\u0161t\u011bny<br \/>\nSpeci\u00e1ln\u00ed kompaktn\u00ed design, kter\u00fd zab\u00edr\u00e1 m\u00e9n\u011b podlahov\u00e9ho prostoru. BEZ RIZIKA EXPLOZE. <\/li>\n<li>Gener\u00e1tor m\u016f\u017ee b\u00fdt um\u00edst\u011bn do p\u0159epln\u011bn\u00fdch budov a prost\u0159ed\u00ed, proto\u017ee jde o 100% bezpe\u010dn\u00fd syst\u00e9m.<\/li>\n<li>Maxim\u00e1ln\u00ed produktivita s evropsk\u00fdmi ho\u0159\u00e1ky. (90-92% produktivita) <\/li>\n<li>Evropsk\u00e9 ho\u0159\u00e1ky Packet System umo\u017e\u0148uj\u00ed maxim\u00e1ln\u00ed p\u0159\u00edr\u016fstek energie z plynu a nafty spolu s jednoduchou \u00fadr\u017ebou.<\/li>\n<li>Speci\u00e1ln\u00ed syst\u00e9m Economizer oh\u0159\u00edv\u00e1 vodu o 18-20 \u00b0C p\u0159edt\u00edm, ne\u017e vstoup\u00ed do gener\u00e1toru, co\u017e \u0161et\u0159\u00ed palivo a energii.<\/li>\n<li>\u010cist\u00fd a bezpe\u010dn\u00fd kom\u00ednov\u00fd v\u00fdfukov\u00fd syst\u00e9m, kter\u00fd umo\u017e\u0148uje pou\u017eit\u00ed gener\u00e1toru v ka\u017ed\u00e9m druhu budovy.<\/li>\n<li>Speci\u00e1ln\u00ed syst\u00e9m c\u00edvek umo\u017e\u0148uje maxim\u00e1ln\u00ed produktivitu pomoc\u00ed v\u00edce ne\u017e jednoho syst\u00e9mu c\u00edvek.<\/li>\n<li>Indik\u00e1tor digit\u00e1ln\u00ed poruchy umo\u017e\u0148uje rychlou a jednoduchou \u00fadr\u017ebu a \u0161et\u0159\u00ed \u010das p\u0159i vyhled\u00e1v\u00e1n\u00ed jak\u00fdchkoliv poruch.<\/li>\n<li>V\u0161echna data jsou zobrazena elektronicky a syst\u00e9m m\u00e1 integrovanou vlastn\u00ed ochranu pro elektroniku a bezpe\u010dnost.<\/li>\n<li>V\u0161echna tlakov\u00e1, ovl\u00e1dac\u00ed a bezpe\u010dnostn\u00ed za\u0159\u00edzen\u00ed jsou p\u0159edinstalov\u00e1na.<\/li>\n<li>P\u00e1ra je p\u0159ipravena za 3 minuty po spu\u0161t\u011bn\u00ed syst\u00e9mu, co\u017e u\u0161et\u0159\u00ed 156 hodin pracovn\u00edho \u010dasu a paliva za jeden rok<\/li>\n<\/ul>\n <\/div>[\/vc_column][\/vc_row]\n","protected":false},"excerpt":{"rendered":"<p>[vc_row type=&#8220;full_width_content&#8220; full_screen_row_position=&#8220;middle&#8220; column_margin=&#8220;default&#8220; column_direction=&#8220;default&#8220; column_direction_tablet=&#8220;default&#8220; column_direction_phone=&#8220;default&#8220; scene_position=&#8220;center&#8220; text_color=&#8220;dark&#8220; text_align=&#8220;left&#8220; row_border_radius=&#8220;none&#8220; row_border_radius_applies=&#8220;bg&#8220; overflow=&#8220;visible&#8220; overlay_strength=&#8220;0.3&#8243; gradient_direction=&#8220;left_to_right&#8220; shape_divider_position=&#8220;bottom&#8220; bg_image_animation=&#8220;none&#8220; gradient_type=&#8220;default&#8220; shape_type=&#8220;&#8220;][vc_column column_padding=&#8220;no-extra-padding&#8220; column_padding_tablet=&#8220;inherit&#8220; column_padding_phone=&#8220;inherit&#8220; column_padding_position=&#8220;all&#8220; column_element_direction_desktop=&#8220;default&#8220; column_element_spacing=&#8220;default&#8220; desktop_text_alignment=&#8220;default&#8220; tablet_text_alignment=&#8220;default&#8220; phone_text_alignment=&#8220;default&#8220; background_color_opacity=&#8220;1&#8243; background_hover_color_opacity=&#8220;1&#8243;&#8230;<\/p>\n","protected":false},"author":1,"featured_media":0,"parent":0,"menu_order":0,"comment_status":"closed","ping_status":"closed","template":"","meta":{"footnotes":""},"class_list":["post-530","page","type-page","status-publish"],"_links":{"self":[{"href":"https:\/\/www.albavyvijacepary.sk\/cs\/wp-json\/wp\/v2\/pages\/530","targetHints":{"allow":["GET"]}}],"collection":[{"href":"https:\/\/www.albavyvijacepary.sk\/cs\/wp-json\/wp\/v2\/pages"}],"about":[{"href":"https:\/\/www.albavyvijacepary.sk\/cs\/wp-json\/wp\/v2\/types\/page"}],"author":[{"embeddable":true,"href":"https:\/\/www.albavyvijacepary.sk\/cs\/wp-json\/wp\/v2\/users\/1"}],"replies":[{"embeddable":true,"href":"https:\/\/www.albavyvijacepary.sk\/cs\/wp-json\/wp\/v2\/comments?post=530"}],"version-history":[{"count":1,"href":"https:\/\/www.albavyvijacepary.sk\/cs\/wp-json\/wp\/v2\/pages\/530\/revisions"}],"predecessor-version":[{"id":535,"href":"https:\/\/www.albavyvijacepary.sk\/cs\/wp-json\/wp\/v2\/pages\/530\/revisions\/535"}],"wp:attachment":[{"href":"https:\/\/www.albavyvijacepary.sk\/cs\/wp-json\/wp\/v2\/media?parent=530"}],"curies":[{"name":"wp","href":"https:\/\/api.w.org\/{rel}","templated":true}]}}